{"id":3625,"date":"2022-03-24T21:07:03","date_gmt":"2022-03-24T21:07:03","guid":{"rendered":"http:\/\/concave.me\/shayotheme\/my-account\/"},"modified":"2022-10-03T22:05:21","modified_gmt":"2022-10-03T22:05:21","slug":"my-account-2","status":"publish","type":"page","link":"https:\/\/adjmalkandou.com\/?page_id=3625","title":{"rendered":"Mon compte"},"content":{"rendered":"<div class=\"woocommerce\"><div class=\"woocommerce-notices-wrapper\"><\/div><div class=\"user\">\n\n\t<div id=\"customer_login_2i81h\" class=\"register_login_wrapper active\">\n\t\t<h2 class=\"title\">Login<\/h2>\n\t\t<form method=\"post\" class=\"login\" role=\"form\">\n\n\t\t\t\n\t\t\t<p class=\"form-group form-row-wide\">\n\t\t\t\t<input type=\"text\" class=\"form-control\" name=\"username\" id=\"username\" value=\"\" placeholder=\"Username or Email *\" \/>\n\t\t\t<\/p>\n\t\t\t<p class=\"form-group form-row-wide\">\n\t\t\t\t<input class=\"form-control\" type=\"password\" name=\"password\" id=\"password\" placeholder=\"Password *\" \/>\n\t\t\t<\/p>\n\n\t\t\t\n\t\t\t<div class=\"form-group\">\n\t\t\t\t<input type=\"hidden\" id=\"woocommerce-login-nonce\" name=\"woocommerce-login-nonce\" value=\"0ebe60b6ca\" \/><input type=\"hidden\" name=\"_wp_http_referer\" value=\"\/index.php?rest_route=%2Fwp%2Fv2%2Fpages%2F3625\" \/>\t\t\t\t<div class=\"form-group clearfix\">\n\t\t\t\t\t<span class=\"inline pull-left\">\n\t\t\t\t\t\t<input name=\"rememberme\" type=\"checkbox\" id=\"rememberme\" value=\"forever\" \/> Remember me\t\t\t\t\t<\/span>\n\t\t\t\t\t<span class=\"lost_password pull-right\">\n\t\t\t\t\t\t<a href=\"https:\/\/adjmalkandou.com\/?page_id=3625&#038;lost-password\">Lost your password?<\/a>\n\t\t\t\t\t<\/span>\n\t\t\t\t<\/div>\n\t\t\t\t<input type=\"submit\" class=\"btn btn-theme btn-block\" name=\"login\" value=\"LOG IN\" \/>\n\t\t\t<\/div>\n\n\t\t\t\n\t\t<\/form>\n\n\t\t\t\t\t<div class=\"create text-center\">\n\t\t\t\tNo account yet? <a class=\"creat-account text-theme register-login-action\" href=\"#customer_register_2i81h\"> Create an account<\/a>\n\t\t\t<\/div>\n\t\t\n\t<\/div>\n\n\n\t<div id=\"customer_register_2i81h\" class=\"content-register register_login_wrapper \">\n\n\t\t<h2 class=\"title\">Register<\/h2>\n\t\t<form method=\"post\" class=\"register widget\"  >\n\n\t\t\t\n\t\t\t\n\t\t\t<p class=\"form-group form-row-wide\">\n\t\t\t\t<input type=\"email\" class=\"form-control\" name=\"email\" id=\"reg_email\" value=\"\" placeholder=\"Email address *\" \/>\n\t\t\t<\/p>\n\n\t\t\t\n\t\t\t\t<p>A password will be sent to your email address.<\/p>\n\n\t\t\t\n\n\t\t\t<wc-order-attribution-inputs><\/wc-order-attribution-inputs><div class=\"woocommerce-privacy-policy-text\"><p>Vos donn\u00e9es personnelles seront utilis\u00e9es pour soutenir votre exp\u00e9rience sur ce site Web, pour g\u00e9rer l'acc\u00e8s \u00e0 votre compte et \u00e0 d'autres fins d\u00e9crites dans notre politique de confidentialit\u00e9.<\/p>\n<\/div>\n\t\t\t<p class=\"form-group wrapper-submit\">\n\t\t\t\t<input type=\"hidden\" id=\"woocommerce-register-nonce\" name=\"woocommerce-register-nonce\" value=\"b74f4b01b5\" \/><input type=\"hidden\" name=\"_wp_http_referer\" value=\"\/index.php?rest_route=%2Fwp%2Fv2%2Fpages%2F3625\" \/>\t\t\t\t<button type=\"submit\" class=\"btn btn-theme btn-block\" name=\"register\" value=\"Register\">REGISTER<\/button>\n\t\t\t<\/p>\n\n\t\t\t\n\t\t<\/form>\n\n\t\t<div class=\"create text-center\">\n\t\t\tHave an Account. <a class=\"login-account text-theme register-login-action\" href=\"#customer_login_2i81h\"> Login<\/a>\n\t\t<\/div>\n\n\t<\/div>\n\n<\/div>\n<\/div>\n","protected":false},"excerpt":{"rendered":"","protected":false},"author":1,"featured_media":0,"parent":0,"menu_order":0,"comment_status":"closed","ping_status":"closed","template":"","meta":{"footnotes":""},"class_list":["post-3625","page","type-page","status-publish","hentry"],"_links":{"self":[{"href":"https:\/\/adjmalkandou.com\/index.php?rest_route=\/wp\/v2\/pages\/3625","targetHints":{"allow":["GET"]}}],"collection":[{"href":"https:\/\/adjmalkandou.com\/index.php?rest_route=\/wp\/v2\/pages"}],"about":[{"href":"https:\/\/adjmalkandou.com\/index.php?rest_route=\/wp\/v2\/types\/page"}],"author":[{"embeddable":true,"href":"https:\/\/adjmalkandou.com\/index.php?rest_route=\/wp\/v2\/users\/1"}],"replies":[{"embeddable":true,"href":"https:\/\/adjmalkandou.com\/index.php?rest_route=%2Fwp%2Fv2%2Fcomments&post=3625"}],"version-history":[{"count":1,"href":"https:\/\/adjmalkandou.com\/index.php?rest_route=\/wp\/v2\/pages\/3625\/revisions"}],"predecessor-version":[{"id":3824,"href":"https:\/\/adjmalkandou.com\/index.php?rest_route=\/wp\/v2\/pages\/3625\/revisions\/3824"}],"wp:attachment":[{"href":"https:\/\/adjmalkandou.com\/index.php?rest_route=%2Fwp%2Fv2%2Fmedia&parent=3625"}],"curies":[{"name":"wp","href":"https:\/\/api.w.org\/{rel}","templated":true}]}}