{"id":10173,"date":"2026-01-11T11:05:14","date_gmt":"2026-01-11T11:05:14","guid":{"rendered":"https:\/\/adjmalkandou.com\/?post_type=product&#038;p=10173"},"modified":"2026-01-11T11:12:25","modified_gmt":"2026-01-11T11:12:25","slug":"blanc-beige-marron","status":"publish","type":"product","link":"https:\/\/adjmalkandou.com\/?product=blanc-beige-marron","title":{"rendered":"Blanc beige marron"},"content":{"rendered":"<p>Le masar omani est \u00e9tole tr\u00e8s l\u00e9g\u00e8re \u00a0brod\u00e9e<\/p>\n<p>au comores elle est appel\u00e9e Mharouma<\/p>\n<p>140cm x 140cm<\/p>\n<p>Blanc avec motif beige marron<\/p>\n","protected":false},"excerpt":{"rendered":"<p>Le masar omani est \u00e9tole tr\u00e8s l\u00e9g\u00e8re \u00a0brod\u00e9e au comores elle est appel\u00e9e Mharouma 140cm x 140cm Blanc avec motif beige marron<\/p>\n","protected":false},"featured_media":10185,"comment_status":"open","ping_status":"closed","template":"","meta":[],"product_brand":[],"product_cat":[84,151],"product_tag":[],"class_list":{"0":"post-10173","1":"product","2":"type-product","3":"status-publish","4":"has-post-thumbnail","6":"product_cat-accessoires","7":"product_cat-mharouma","9":"first","10":"instock","11":"shipping-taxable","12":"purchasable","13":"product-type-simple"},"_links":{"self":[{"href":"https:\/\/adjmalkandou.com\/index.php?rest_route=\/wp\/v2\/product\/10173","targetHints":{"allow":["GET"]}}],"collection":[{"href":"https:\/\/adjmalkandou.com\/index.php?rest_route=\/wp\/v2\/product"}],"about":[{"href":"https:\/\/adjmalkandou.com\/index.php?rest_route=\/wp\/v2\/types\/product"}],"replies":[{"embeddable":true,"href":"https:\/\/adjmalkandou.com\/index.php?rest_route=%2Fwp%2Fv2%2Fcomments&post=10173"}],"wp:featuredmedia":[{"embeddable":true,"href":"https:\/\/adjmalkandou.com\/index.php?rest_route=\/wp\/v2\/media\/10185"}],"wp:attachment":[{"href":"https:\/\/adjmalkandou.com\/index.php?rest_route=%2Fwp%2Fv2%2Fmedia&parent=10173"}],"wp:term":[{"taxonomy":"product_brand","embeddable":true,"href":"https:\/\/adjmalkandou.com\/index.php?rest_route=%2Fwp%2Fv2%2Fproduct_brand&post=10173"},{"taxonomy":"product_cat","embeddable":true,"href":"https:\/\/adjmalkandou.com\/index.php?rest_route=%2Fwp%2Fv2%2Fproduct_cat&post=10173"},{"taxonomy":"product_tag","embeddable":true,"href":"https:\/\/adjmalkandou.com\/index.php?rest_route=%2Fwp%2Fv2%2Fproduct_tag&post=10173"}],"curies":[{"name":"wp","href":"https:\/\/api.w.org\/{rel}","templated":true}]}}