{"id":10226,"date":"2026-01-26T17:45:10","date_gmt":"2026-01-26T17:45:10","guid":{"rendered":"https:\/\/adjmalkandou.com\/?post_type=product&#038;p=10226"},"modified":"2026-04-03T15:30:17","modified_gmt":"2026-04-03T15:30:17","slug":"col-mao-beige","status":"publish","type":"product","link":"https:\/\/adjmalkandou.com\/?product=col-mao-beige","title":{"rendered":"Col Mao beige"},"content":{"rendered":"<p>Kandou beige ivoire en tissus chin\u00e9s<\/p>\n<p>Son col m\u00e3o vous sublimera<\/p>\n<p>coutures marrons fonc\u00e9es contrastantes<\/p>\n<p>Tissus \u00a0premium melange de coton et de synth\u00e9tiques, repassage facile.<\/p>\n","protected":false},"excerpt":{"rendered":"<p>Kandou beige ivoire en tissus chin\u00e9s Son col m\u00e3o vous sublimera coutures marrons fonc\u00e9es contrastantes Tissus \u00a0premium melange de coton et de synth\u00e9tiques, repassage facile.<\/p>\n","protected":false},"featured_media":10294,"comment_status":"open","ping_status":"closed","template":"","meta":[],"product_brand":[],"product_cat":[89],"product_tag":[92,97,99,73],"class_list":{"0":"post-10226","1":"product","2":"type-product","3":"status-publish","4":"has-post-thumbnail","6":"product_cat-homme","7":"product_tag-avec-col","8":"product_tag-beige","9":"product_tag-homme","10":"product_tag-kandou","12":"first","13":"instock","14":"shipping-taxable","15":"purchasable","16":"product-type-variable"},"_links":{"self":[{"href":"https:\/\/adjmalkandou.com\/index.php?rest_route=\/wp\/v2\/product\/10226","targetHints":{"allow":["GET"]}}],"collection":[{"href":"https:\/\/adjmalkandou.com\/index.php?rest_route=\/wp\/v2\/product"}],"about":[{"href":"https:\/\/adjmalkandou.com\/index.php?rest_route=\/wp\/v2\/types\/product"}],"replies":[{"embeddable":true,"href":"https:\/\/adjmalkandou.com\/index.php?rest_route=%2Fwp%2Fv2%2Fcomments&post=10226"}],"wp:featuredmedia":[{"embeddable":true,"href":"https:\/\/adjmalkandou.com\/index.php?rest_route=\/wp\/v2\/media\/10294"}],"wp:attachment":[{"href":"https:\/\/adjmalkandou.com\/index.php?rest_route=%2Fwp%2Fv2%2Fmedia&parent=10226"}],"wp:term":[{"taxonomy":"product_brand","embeddable":true,"href":"https:\/\/adjmalkandou.com\/index.php?rest_route=%2Fwp%2Fv2%2Fproduct_brand&post=10226"},{"taxonomy":"product_cat","embeddable":true,"href":"https:\/\/adjmalkandou.com\/index.php?rest_route=%2Fwp%2Fv2%2Fproduct_cat&post=10226"},{"taxonomy":"product_tag","embeddable":true,"href":"https:\/\/adjmalkandou.com\/index.php?rest_route=%2Fwp%2Fv2%2Fproduct_tag&post=10226"}],"curies":[{"name":"wp","href":"https:\/\/api.w.org\/{rel}","templated":true}]}}