{"id":10232,"date":"2026-01-26T17:49:12","date_gmt":"2026-01-26T17:49:12","guid":{"rendered":"https:\/\/adjmalkandou.com\/?post_type=product&#038;p=10232"},"modified":"2026-03-15T14:26:00","modified_gmt":"2026-03-15T14:26:00","slug":"boina-haroussi-bleu","status":"publish","type":"product","link":"https:\/\/adjmalkandou.com\/?product=boina-haroussi-bleu","title":{"rendered":"Boina haroussi bleu"},"content":{"rendered":"<p>Apres le succ\u00e8s depuis plusieurs ann\u00e9es de le version blanche<\/p>\n<p>Voici le Kandou Boina haroussi en bleu \u00a0couture constrastante argent\u00e9e<\/p>\n<p>Tissus premium antistatique, d\u00e9perlant, anti-perspirant, repassage facile.<\/p>\n<p>&nbsp;<\/p>\n<p>Existe \u00e9galement en version enfant et babykandou<\/p>\n","protected":false},"excerpt":{"rendered":"<p>Apres le succ\u00e8s depuis plusieurs ann\u00e9es de le version blanche Voici le Kandou Boina haroussi en bleu \u00a0couture constrastante argent\u00e9e Tissus premium antistatique, d\u00e9perlant, anti-perspirant, repassage facile. &nbsp; Existe \u00e9galement en version enfant et babykandou<\/p>\n","protected":false},"featured_media":10335,"comment_status":"open","ping_status":"closed","template":"","meta":[],"product_brand":[],"product_cat":[89],"product_tag":[92,99,73],"class_list":{"0":"post-10232","1":"product","2":"type-product","3":"status-publish","4":"has-post-thumbnail","6":"product_cat-homme","7":"product_tag-avec-col","8":"product_tag-homme","9":"product_tag-kandou","11":"first","12":"instock","13":"shipping-taxable","14":"purchasable","15":"product-type-variable"},"_links":{"self":[{"href":"https:\/\/adjmalkandou.com\/index.php?rest_route=\/wp\/v2\/product\/10232","targetHints":{"allow":["GET"]}}],"collection":[{"href":"https:\/\/adjmalkandou.com\/index.php?rest_route=\/wp\/v2\/product"}],"about":[{"href":"https:\/\/adjmalkandou.com\/index.php?rest_route=\/wp\/v2\/types\/product"}],"replies":[{"embeddable":true,"href":"https:\/\/adjmalkandou.com\/index.php?rest_route=%2Fwp%2Fv2%2Fcomments&post=10232"}],"wp:featuredmedia":[{"embeddable":true,"href":"https:\/\/adjmalkandou.com\/index.php?rest_route=\/wp\/v2\/media\/10335"}],"wp:attachment":[{"href":"https:\/\/adjmalkandou.com\/index.php?rest_route=%2Fwp%2Fv2%2Fmedia&parent=10232"}],"wp:term":[{"taxonomy":"product_brand","embeddable":true,"href":"https:\/\/adjmalkandou.com\/index.php?rest_route=%2Fwp%2Fv2%2Fproduct_brand&post=10232"},{"taxonomy":"product_cat","embeddable":true,"href":"https:\/\/adjmalkandou.com\/index.php?rest_route=%2Fwp%2Fv2%2Fproduct_cat&post=10232"},{"taxonomy":"product_tag","embeddable":true,"href":"https:\/\/adjmalkandou.com\/index.php?rest_route=%2Fwp%2Fv2%2Fproduct_tag&post=10232"}],"curies":[{"name":"wp","href":"https:\/\/api.w.org\/{rel}","templated":true}]}}