{"id":5329,"date":"2023-01-29T22:02:58","date_gmt":"2023-01-29T22:02:58","guid":{"rendered":"https:\/\/adjmalkandou.com\/?post_type=product&#038;p=5329"},"modified":"2026-03-15T14:51:08","modified_gmt":"2026-03-15T14:51:08","slug":"535","status":"publish","type":"product","link":"https:\/\/adjmalkandou.com\/?product=535","title":{"rendered":"535"},"content":{"rendered":"<p>Kandou bleu fonc\u00e9 chin\u00e9 \u00e0 couture blanche<\/p>\n<p>Tissus premium antistatique, anti-perspirant, repassage facile.<\/p>\n<p>Tissus fluide<\/p>\n","protected":false},"excerpt":{"rendered":"<p>Kandou bleu fonc\u00e9 chin\u00e9 \u00e0 couture blanche Tissus premium antistatique, anti-perspirant, repassage facile. Tissus fluide<\/p>\n","protected":false},"featured_media":5179,"comment_status":"open","ping_status":"closed","template":"","meta":[],"product_brand":[],"product_cat":[89],"product_tag":[99,73,90],"class_list":{"0":"post-5329","1":"product","2":"type-product","3":"status-publish","4":"has-post-thumbnail","6":"product_cat-homme","7":"product_tag-homme","8":"product_tag-kandou","9":"product_tag-sans-col","11":"first","12":"instock","13":"shipping-taxable","14":"purchasable","15":"product-type-variable"},"_links":{"self":[{"href":"https:\/\/adjmalkandou.com\/index.php?rest_route=\/wp\/v2\/product\/5329","targetHints":{"allow":["GET"]}}],"collection":[{"href":"https:\/\/adjmalkandou.com\/index.php?rest_route=\/wp\/v2\/product"}],"about":[{"href":"https:\/\/adjmalkandou.com\/index.php?rest_route=\/wp\/v2\/types\/product"}],"replies":[{"embeddable":true,"href":"https:\/\/adjmalkandou.com\/index.php?rest_route=%2Fwp%2Fv2%2Fcomments&post=5329"}],"wp:featuredmedia":[{"embeddable":true,"href":"https:\/\/adjmalkandou.com\/index.php?rest_route=\/wp\/v2\/media\/5179"}],"wp:attachment":[{"href":"https:\/\/adjmalkandou.com\/index.php?rest_route=%2Fwp%2Fv2%2Fmedia&parent=5329"}],"wp:term":[{"taxonomy":"product_brand","embeddable":true,"href":"https:\/\/adjmalkandou.com\/index.php?rest_route=%2Fwp%2Fv2%2Fproduct_brand&post=5329"},{"taxonomy":"product_cat","embeddable":true,"href":"https:\/\/adjmalkandou.com\/index.php?rest_route=%2Fwp%2Fv2%2Fproduct_cat&post=5329"},{"taxonomy":"product_tag","embeddable":true,"href":"https:\/\/adjmalkandou.com\/index.php?rest_route=%2Fwp%2Fv2%2Fproduct_tag&post=5329"}],"curies":[{"name":"wp","href":"https:\/\/api.w.org\/{rel}","templated":true}]}}