{"id":7025,"date":"2023-07-28T12:33:22","date_gmt":"2023-07-28T12:33:22","guid":{"rendered":"https:\/\/adjmalkandou.com\/?post_type=product&#038;p=7025"},"modified":"2025-02-14T18:57:25","modified_gmt":"2025-02-14T18:57:25","slug":"bijoux-de-tete-djouwa","status":"publish","type":"product","link":"https:\/\/adjmalkandou.com\/?product=bijoux-de-tete-djouwa","title":{"rendered":"Bijoux de t\u00eate Djoua"},"content":{"rendered":"<p>Bijoux de t\u00eate Djoua<\/p>\n<p>bijoux fantasie dor\u00e9<\/p>\n<p>avec d\u00e9tails bordeaux et vert<\/p>\n","protected":false},"excerpt":{"rendered":"<p>Bijoux de t\u00eate Djoua bijoux fantasie dor\u00e9 avec d\u00e9tails bordeaux et vert<\/p>\n","protected":false},"featured_media":7048,"comment_status":"open","ping_status":"closed","template":"","meta":[],"product_brand":[],"product_cat":[172],"product_tag":[173],"class_list":{"0":"post-7025","1":"product","2":"type-product","3":"status-publish","4":"has-post-thumbnail","6":"product_cat-bijoux","7":"product_tag-bijoux-de-tete","9":"first","10":"instock","11":"shipping-taxable","12":"purchasable","13":"product-type-simple"},"_links":{"self":[{"href":"https:\/\/adjmalkandou.com\/index.php?rest_route=\/wp\/v2\/product\/7025","targetHints":{"allow":["GET"]}}],"collection":[{"href":"https:\/\/adjmalkandou.com\/index.php?rest_route=\/wp\/v2\/product"}],"about":[{"href":"https:\/\/adjmalkandou.com\/index.php?rest_route=\/wp\/v2\/types\/product"}],"replies":[{"embeddable":true,"href":"https:\/\/adjmalkandou.com\/index.php?rest_route=%2Fwp%2Fv2%2Fcomments&post=7025"}],"wp:featuredmedia":[{"embeddable":true,"href":"https:\/\/adjmalkandou.com\/index.php?rest_route=\/wp\/v2\/media\/7048"}],"wp:attachment":[{"href":"https:\/\/adjmalkandou.com\/index.php?rest_route=%2Fwp%2Fv2%2Fmedia&parent=7025"}],"wp:term":[{"taxonomy":"product_brand","embeddable":true,"href":"https:\/\/adjmalkandou.com\/index.php?rest_route=%2Fwp%2Fv2%2Fproduct_brand&post=7025"},{"taxonomy":"product_cat","embeddable":true,"href":"https:\/\/adjmalkandou.com\/index.php?rest_route=%2Fwp%2Fv2%2Fproduct_cat&post=7025"},{"taxonomy":"product_tag","embeddable":true,"href":"https:\/\/adjmalkandou.com\/index.php?rest_route=%2Fwp%2Fv2%2Fproduct_tag&post=7025"}],"curies":[{"name":"wp","href":"https:\/\/api.w.org\/{rel}","templated":true}]}}