{"id":7122,"date":"2023-08-19T14:03:33","date_gmt":"2023-08-19T14:03:33","guid":{"rendered":"https:\/\/adjmalkandou.com\/?post_type=product&#038;p=7122"},"modified":"2025-06-08T20:24:23","modified_gmt":"2025-06-08T20:24:23","slug":"bouchouti-noir-dore-enfant-5-7-ans","status":"publish","type":"product","link":"https:\/\/adjmalkandou.com\/?product=bouchouti-noir-dore-enfant-5-7-ans","title":{"rendered":"BOUCHOUTI noir dor\u00e9 enfant 5-7 ans"},"content":{"rendered":"<p>Le bouchouti ou bisht noir avec d\u00e9tails dor\u00e9 pour sublimer nos petits bonhommes<\/p>\n<p>80 cm<\/p>\n","protected":false},"excerpt":{"rendered":"<p>Le bouchouti ou bisht noir avec d\u00e9tails dor\u00e9 pour sublimer nos petits bonhommes 80 cm<\/p>\n","protected":false},"featured_media":9184,"comment_status":"open","ping_status":"closed","template":"","meta":[],"product_brand":[],"product_cat":[148,174],"product_tag":[149,150,78],"class_list":{"0":"post-7122","1":"product","2":"type-product","3":"status-publish","4":"has-post-thumbnail","6":"product_cat-bouchouti","7":"product_cat-bouchot-enfant","8":"product_tag-bouchouti","9":"product_tag-dore","10":"product_tag-noir","12":"first","13":"instock","14":"shipping-taxable","15":"purchasable","16":"product-type-simple"},"_links":{"self":[{"href":"https:\/\/adjmalkandou.com\/index.php?rest_route=\/wp\/v2\/product\/7122","targetHints":{"allow":["GET"]}}],"collection":[{"href":"https:\/\/adjmalkandou.com\/index.php?rest_route=\/wp\/v2\/product"}],"about":[{"href":"https:\/\/adjmalkandou.com\/index.php?rest_route=\/wp\/v2\/types\/product"}],"replies":[{"embeddable":true,"href":"https:\/\/adjmalkandou.com\/index.php?rest_route=%2Fwp%2Fv2%2Fcomments&post=7122"}],"wp:featuredmedia":[{"embeddable":true,"href":"https:\/\/adjmalkandou.com\/index.php?rest_route=\/wp\/v2\/media\/9184"}],"wp:attachment":[{"href":"https:\/\/adjmalkandou.com\/index.php?rest_route=%2Fwp%2Fv2%2Fmedia&parent=7122"}],"wp:term":[{"taxonomy":"product_brand","embeddable":true,"href":"https:\/\/adjmalkandou.com\/index.php?rest_route=%2Fwp%2Fv2%2Fproduct_brand&post=7122"},{"taxonomy":"product_cat","embeddable":true,"href":"https:\/\/adjmalkandou.com\/index.php?rest_route=%2Fwp%2Fv2%2Fproduct_cat&post=7122"},{"taxonomy":"product_tag","embeddable":true,"href":"https:\/\/adjmalkandou.com\/index.php?rest_route=%2Fwp%2Fv2%2Fproduct_tag&post=7122"}],"curies":[{"name":"wp","href":"https:\/\/api.w.org\/{rel}","templated":true}]}}