{"id":7463,"date":"2024-01-29T18:48:37","date_gmt":"2024-01-29T18:48:37","guid":{"rendered":"https:\/\/adjmalkandou.com\/?post_type=product&#038;p=7463"},"modified":"2026-01-27T18:11:25","modified_gmt":"2026-01-27T18:11:25","slug":"kimono-531-narf","status":"publish","type":"product","link":"https:\/\/adjmalkandou.com\/?product=kimono-531-narf","title":{"rendered":"kimono 531 narf"},"content":{"rendered":"<p>Le kimono 531 narf est en tissus chin\u00e9<\/p>\n<p>D\u00e9ssin\u00e9 dans une coupe oversize il va a toutes les morphologies<\/p>\n<p>Le mannequin mesure 1m70 et porte la taille 56 (pour un effet encore plus oversize vous pouvez surtailler. Si vous souhaitez porter vos kimonos avec des talons prenez la taille une taille de plus)<\/p>\n<p>guide des tailles<\/p>\n<p>54 jusqu&rsquo;a 1m65<\/p>\n<p>56 de 1m66 \u00a0jusqu&rsquo;a 1m72<\/p>\n<p>58 de 1m73 a 1m79<\/p>\n<p>60 1m80 et +<\/p>\n<p>modele a accorder avec le Kandou 531 existe en babykandou et pour enfant<\/p>\n<p>&nbsp;<\/p>\n","protected":false},"excerpt":{"rendered":"<p>Le kimono 531 narf est en tissus chin\u00e9 D\u00e9ssin\u00e9 dans une coupe oversize il va a toutes les morphologies Le mannequin mesure 1m70 et porte la taille 56 (pour un effet encore plus oversize vous pouvez surtailler. Si vous souhaitez porter vos kimonos avec des talons prenez la taille une taille de plus) guide des &hellip; <br \/><a href=\"https:\/\/adjmalkandou.com\/?product=kimono-531-narf\" class=\"more-link\">Continue reading <span class=\"screen-reader-text\">kimono 531 narf<\/span><\/a><\/p>\n","protected":false},"featured_media":7417,"comment_status":"open","ping_status":"closed","template":"","meta":[],"product_brand":[],"product_cat":[182,183],"product_tag":[185,184],"class_list":{"0":"post-7463","1":"product","2":"type-product","3":"status-publish","4":"has-post-thumbnail","6":"product_cat-femme","7":"product_cat-kimono","8":"product_tag-femme","9":"product_tag-kimono","11":"first","12":"instock","13":"shipping-taxable","14":"purchasable","15":"product-type-variable"},"_links":{"self":[{"href":"https:\/\/adjmalkandou.com\/index.php?rest_route=\/wp\/v2\/product\/7463","targetHints":{"allow":["GET"]}}],"collection":[{"href":"https:\/\/adjmalkandou.com\/index.php?rest_route=\/wp\/v2\/product"}],"about":[{"href":"https:\/\/adjmalkandou.com\/index.php?rest_route=\/wp\/v2\/types\/product"}],"replies":[{"embeddable":true,"href":"https:\/\/adjmalkandou.com\/index.php?rest_route=%2Fwp%2Fv2%2Fcomments&post=7463"}],"wp:featuredmedia":[{"embeddable":true,"href":"https:\/\/adjmalkandou.com\/index.php?rest_route=\/wp\/v2\/media\/7417"}],"wp:attachment":[{"href":"https:\/\/adjmalkandou.com\/index.php?rest_route=%2Fwp%2Fv2%2Fmedia&parent=7463"}],"wp:term":[{"taxonomy":"product_brand","embeddable":true,"href":"https:\/\/adjmalkandou.com\/index.php?rest_route=%2Fwp%2Fv2%2Fproduct_brand&post=7463"},{"taxonomy":"product_cat","embeddable":true,"href":"https:\/\/adjmalkandou.com\/index.php?rest_route=%2Fwp%2Fv2%2Fproduct_cat&post=7463"},{"taxonomy":"product_tag","embeddable":true,"href":"https:\/\/adjmalkandou.com\/index.php?rest_route=%2Fwp%2Fv2%2Fproduct_tag&post=7463"}],"curies":[{"name":"wp","href":"https:\/\/api.w.org\/{rel}","templated":true}]}}