{"id":8482,"date":"2025-01-26T19:20:18","date_gmt":"2025-01-26T19:20:18","guid":{"rendered":"https:\/\/adjmalkandou.com\/?post_type=product&#038;p=8482"},"modified":"2026-01-09T15:52:24","modified_gmt":"2026-01-09T15:52:24","slug":"kimono-bleu-fonce-535","status":"publish","type":"product","link":"https:\/\/adjmalkandou.com\/?product=kimono-bleu-fonce-535","title":{"rendered":"kimono bleu fonc\u00e9 535"},"content":{"rendered":"<p>Le kimono bleu fonc\u00e9 535 est en tissus chin\u00e9<\/p>\n<p>D\u00e9ssin\u00e9 dans une coupe oversize il va a toutes les morphologies<\/p>\n<p>pour un effet encore plus oversize vous pouvez surtailler.<\/p>\n<p>Si vous souhaitez porter vos kimonos avec des talons prenez la taille une taille de plus<\/p>\n<p>guide des tailles<\/p>\n<p>54 jusqu&rsquo;a 1m65<\/p>\n<p>56 de 1m66 \u00a0jusqu&rsquo;a 1m72<\/p>\n<p>58 de 1m73 a 1m79<\/p>\n<p>60 1m80 et +<\/p>\n<p>modele a accorder avec le Kandou 535<\/p>\n","protected":false},"excerpt":{"rendered":"<p>Le kimono bleu fonc\u00e9 535 est en tissus chin\u00e9 D\u00e9ssin\u00e9 dans une coupe oversize il va a toutes les morphologies pour un effet encore plus oversize vous pouvez surtailler. Si vous souhaitez porter vos kimonos avec des talons prenez la taille une taille de plus guide des tailles 54 jusqu&rsquo;a 1m65 56 de 1m66 \u00a0jusqu&rsquo;a &hellip; <br \/><a href=\"https:\/\/adjmalkandou.com\/?product=kimono-bleu-fonce-535\" class=\"more-link\">Continue reading <span class=\"screen-reader-text\">kimono bleu fonc\u00e9 535<\/span><\/a><\/p>\n","protected":false},"featured_media":9065,"comment_status":"open","ping_status":"closed","template":"","meta":[],"product_brand":[],"product_cat":[182,183],"product_tag":[185,184],"class_list":{"0":"post-8482","1":"product","2":"type-product","3":"status-publish","4":"has-post-thumbnail","6":"product_cat-femme","7":"product_cat-kimono","8":"product_tag-femme","9":"product_tag-kimono","11":"first","12":"instock","13":"shipping-taxable","14":"purchasable","15":"product-type-variable"},"_links":{"self":[{"href":"https:\/\/adjmalkandou.com\/index.php?rest_route=\/wp\/v2\/product\/8482","targetHints":{"allow":["GET"]}}],"collection":[{"href":"https:\/\/adjmalkandou.com\/index.php?rest_route=\/wp\/v2\/product"}],"about":[{"href":"https:\/\/adjmalkandou.com\/index.php?rest_route=\/wp\/v2\/types\/product"}],"replies":[{"embeddable":true,"href":"https:\/\/adjmalkandou.com\/index.php?rest_route=%2Fwp%2Fv2%2Fcomments&post=8482"}],"wp:featuredmedia":[{"embeddable":true,"href":"https:\/\/adjmalkandou.com\/index.php?rest_route=\/wp\/v2\/media\/9065"}],"wp:attachment":[{"href":"https:\/\/adjmalkandou.com\/index.php?rest_route=%2Fwp%2Fv2%2Fmedia&parent=8482"}],"wp:term":[{"taxonomy":"product_brand","embeddable":true,"href":"https:\/\/adjmalkandou.com\/index.php?rest_route=%2Fwp%2Fv2%2Fproduct_brand&post=8482"},{"taxonomy":"product_cat","embeddable":true,"href":"https:\/\/adjmalkandou.com\/index.php?rest_route=%2Fwp%2Fv2%2Fproduct_cat&post=8482"},{"taxonomy":"product_tag","embeddable":true,"href":"https:\/\/adjmalkandou.com\/index.php?rest_route=%2Fwp%2Fv2%2Fproduct_tag&post=8482"}],"curies":[{"name":"wp","href":"https:\/\/api.w.org\/{rel}","templated":true}]}}