{"id":8957,"date":"2025-01-28T23:40:58","date_gmt":"2025-01-28T23:40:58","guid":{"rendered":"https:\/\/adjmalkandou.com\/?post_type=product&#038;p=8957"},"modified":"2025-01-28T23:41:51","modified_gmt":"2025-01-28T23:41:51","slug":"blanc-multi","status":"publish","type":"product","link":"https:\/\/adjmalkandou.com\/?product=blanc-multi","title":{"rendered":"blanc multi"},"content":{"rendered":"<p>Le masar omani est \u00e9tole tr\u00e8s l\u00e9g\u00e8re \u00a0brod\u00e9e<\/p>\n<p>au comores elle est appel\u00e9e Mharouma<\/p>\n<p>140cm x 140cm<\/p>\n<p>blanc multi<\/p>\n","protected":false},"excerpt":{"rendered":"<p>Le masar omani est \u00e9tole tr\u00e8s l\u00e9g\u00e8re \u00a0brod\u00e9e au comores elle est appel\u00e9e Mharouma 140cm x 140cm blanc multi<\/p>\n","protected":false},"featured_media":8883,"comment_status":"open","ping_status":"closed","template":"","meta":[],"product_brand":[],"product_cat":[84,151],"product_tag":[],"class_list":{"0":"post-8957","1":"product","2":"type-product","3":"status-publish","4":"has-post-thumbnail","6":"product_cat-accessoires","7":"product_cat-mharouma","9":"first","10":"instock","11":"shipping-taxable","12":"purchasable","13":"product-type-simple"},"_links":{"self":[{"href":"https:\/\/adjmalkandou.com\/index.php?rest_route=\/wp\/v2\/product\/8957","targetHints":{"allow":["GET"]}}],"collection":[{"href":"https:\/\/adjmalkandou.com\/index.php?rest_route=\/wp\/v2\/product"}],"about":[{"href":"https:\/\/adjmalkandou.com\/index.php?rest_route=\/wp\/v2\/types\/product"}],"replies":[{"embeddable":true,"href":"https:\/\/adjmalkandou.com\/index.php?rest_route=%2Fwp%2Fv2%2Fcomments&post=8957"}],"wp:featuredmedia":[{"embeddable":true,"href":"https:\/\/adjmalkandou.com\/index.php?rest_route=\/wp\/v2\/media\/8883"}],"wp:attachment":[{"href":"https:\/\/adjmalkandou.com\/index.php?rest_route=%2Fwp%2Fv2%2Fmedia&parent=8957"}],"wp:term":[{"taxonomy":"product_brand","embeddable":true,"href":"https:\/\/adjmalkandou.com\/index.php?rest_route=%2Fwp%2Fv2%2Fproduct_brand&post=8957"},{"taxonomy":"product_cat","embeddable":true,"href":"https:\/\/adjmalkandou.com\/index.php?rest_route=%2Fwp%2Fv2%2Fproduct_cat&post=8957"},{"taxonomy":"product_tag","embeddable":true,"href":"https:\/\/adjmalkandou.com\/index.php?rest_route=%2Fwp%2Fv2%2Fproduct_tag&post=8957"}],"curies":[{"name":"wp","href":"https:\/\/api.w.org\/{rel}","templated":true}]}}