{"id":9092,"date":"2025-02-18T22:15:55","date_gmt":"2025-02-18T22:15:55","guid":{"rendered":"https:\/\/adjmalkandou.com\/?post_type=product&#038;p=9092"},"modified":"2025-03-28T21:34:53","modified_gmt":"2025-03-28T21:34:53","slug":"bleu-beige-chine","status":"publish","type":"product","link":"https:\/\/adjmalkandou.com\/?product=bleu-beige-chine","title":{"rendered":"bleu beige chin\u00e9"},"content":{"rendered":"<p>Le masar omani est \u00e9tole tr\u00e8s l\u00e9g\u00e8re \u00a0brod\u00e9e<\/p>\n<p>au comores elle est appel\u00e9e Mharouma<\/p>\n<p>140cm x 140cm<\/p>\n<p>beige chin\u00e9 bleu<\/p>\n","protected":false},"excerpt":{"rendered":"<p>Le masar omani est \u00e9tole tr\u00e8s l\u00e9g\u00e8re \u00a0brod\u00e9e au comores elle est appel\u00e9e Mharouma 140cm x 140cm beige chin\u00e9 bleu<\/p>\n","protected":false},"featured_media":9522,"comment_status":"open","ping_status":"closed","template":"","meta":[],"product_brand":[],"product_cat":[84,151],"product_tag":[],"class_list":{"0":"post-9092","1":"product","2":"type-product","3":"status-publish","4":"has-post-thumbnail","6":"product_cat-accessoires","7":"product_cat-mharouma","9":"first","10":"instock","11":"shipping-taxable","12":"purchasable","13":"product-type-simple"},"_links":{"self":[{"href":"https:\/\/adjmalkandou.com\/index.php?rest_route=\/wp\/v2\/product\/9092","targetHints":{"allow":["GET"]}}],"collection":[{"href":"https:\/\/adjmalkandou.com\/index.php?rest_route=\/wp\/v2\/product"}],"about":[{"href":"https:\/\/adjmalkandou.com\/index.php?rest_route=\/wp\/v2\/types\/product"}],"replies":[{"embeddable":true,"href":"https:\/\/adjmalkandou.com\/index.php?rest_route=%2Fwp%2Fv2%2Fcomments&post=9092"}],"wp:featuredmedia":[{"embeddable":true,"href":"https:\/\/adjmalkandou.com\/index.php?rest_route=\/wp\/v2\/media\/9522"}],"wp:attachment":[{"href":"https:\/\/adjmalkandou.com\/index.php?rest_route=%2Fwp%2Fv2%2Fmedia&parent=9092"}],"wp:term":[{"taxonomy":"product_brand","embeddable":true,"href":"https:\/\/adjmalkandou.com\/index.php?rest_route=%2Fwp%2Fv2%2Fproduct_brand&post=9092"},{"taxonomy":"product_cat","embeddable":true,"href":"https:\/\/adjmalkandou.com\/index.php?rest_route=%2Fwp%2Fv2%2Fproduct_cat&post=9092"},{"taxonomy":"product_tag","embeddable":true,"href":"https:\/\/adjmalkandou.com\/index.php?rest_route=%2Fwp%2Fv2%2Fproduct_tag&post=9092"}],"curies":[{"name":"wp","href":"https:\/\/api.w.org\/{rel}","templated":true}]}}